{"id":6741,"date":"2023-08-19T19:43:19","date_gmt":"2023-08-19T19:43:19","guid":{"rendered":"https:\/\/clinique-detatouage-laser.ch\/?page_id=6741"},"modified":"2026-03-10T09:26:43","modified_gmt":"2026-03-10T09:26:43","slug":"detatouage-lausanne","status":"publish","type":"page","link":"https:\/\/clinique-detatouage-laser.ch\/fr\/","title":{"rendered":"D\u00e9tatouage au laser Picoplus \u00a9 \u2013 ce n\u2019est pas seulement Pico, mais Pico PLUS !"},"content":{"rendered":"","protected":false},"excerpt":{"rendered":"","protected":false},"author":19,"featured_media":0,"parent":0,"menu_order":0,"comment_status":"open","ping_status":"closed","template":"page-templates\/InternalPage.php","meta":[],"acf":[],"yoast_head":"<!-- This site is optimized with the Yoast SEO plugin v19.13 - https:\/\/yoast.com\/wordpress\/plugins\/seo\/ -->\n<title>D\u00e9tatouage laser \u00e0 Lausanne | Clinique Bellefontaine | Dr Yann Favre<\/title>\n<meta name=\"description\" content=\"Votre tatouage ne correspond plus \u00e0 votre personnalit\u00e9 ? Vous aimeriez le retirer ? Des solutions existent pour enlever un tatouage sans cicatrice. D\u00e9couvrez le d\u00e9tatouage \u00e0 la clinique Bellefontaine de Lausanne\" \/>\n<meta name=\"robots\" content=\"noindex, follow, max-snippet:-1, max-image-preview:large, max-video-preview:-1\" \/>\n<meta property=\"og:locale\" content=\"fr_FR\" \/>\n<meta property=\"og:type\" content=\"article\" \/>\n<meta property=\"og:title\" content=\"D\u00e9tatouage laser \u00e0 Lausanne | Clinique Bellefontaine | Dr Yann Favre\" \/>\n<meta property=\"og:description\" content=\"Votre tatouage ne correspond plus \u00e0 votre personnalit\u00e9 ? Vous aimeriez le retirer ? Des solutions existent pour enlever un tatouage sans cicatrice. D\u00e9couvrez le d\u00e9tatouage \u00e0 la clinique Bellefontaine de Lausanne\" \/>\n<meta property=\"og:url\" content=\"https:\/\/clinique-detatouage-laser.ch\/fr\/\" \/>\n<meta property=\"og:site_name\" content=\"Wordpress\" \/>\n<meta property=\"article:modified_time\" content=\"2026-03-10T09:26:43+00:00\" \/>\n<meta name=\"twitter:card\" content=\"summary_large_image\" \/>\n<script type=\"application\/ld+json\" class=\"yoast-schema-graph\">{\"@context\":\"https:\/\/schema.org\",\"@graph\":[{\"@type\":\"WebPage\",\"@id\":\"https:\/\/clinique-detatouage-laser.ch\/fr\/\",\"url\":\"https:\/\/clinique-detatouage-laser.ch\/fr\/\",\"name\":\"D\u00e9tatouage laser \u00e0 Lausanne | Clinique Bellefontaine | Dr Yann Favre\",\"isPartOf\":{\"@id\":\"https:\/\/clinique-detatouage-laser.ch\/fr\/#website\"},\"datePublished\":\"2023-08-19T19:43:19+00:00\",\"dateModified\":\"2026-03-10T09:26:43+00:00\",\"description\":\"Votre tatouage ne correspond plus \u00e0 votre personnalit\u00e9 ? Vous aimeriez le retirer ? Des solutions existent pour enlever un tatouage sans cicatrice. D\u00e9couvrez le d\u00e9tatouage \u00e0 la clinique Bellefontaine de Lausanne\",\"breadcrumb\":{\"@id\":\"https:\/\/clinique-detatouage-laser.ch\/fr\/#breadcrumb\"},\"inLanguage\":\"fr-FR\",\"potentialAction\":[{\"@type\":\"ReadAction\",\"target\":[\"https:\/\/clinique-detatouage-laser.ch\/fr\/\"]}]},{\"@type\":\"BreadcrumbList\",\"@id\":\"https:\/\/clinique-detatouage-laser.ch\/fr\/#breadcrumb\",\"itemListElement\":[{\"@type\":\"ListItem\",\"position\":1,\"name\":\"Home\",\"item\":\"https:\/\/clinique-detatouage-laser.ch\/fr\/\"},{\"@type\":\"ListItem\",\"position\":2,\"name\":\"D\u00e9tatouage au laser Picoplus \u00a9 \u2013 ce n\u2019est pas seulement Pico, mais Pico PLUS !\"}]},{\"@type\":\"WebSite\",\"@id\":\"https:\/\/clinique-detatouage-laser.ch\/fr\/#website\",\"url\":\"https:\/\/clinique-detatouage-laser.ch\/fr\/\",\"name\":\"Wordpress\",\"description\":\"\",\"potentialAction\":[{\"@type\":\"SearchAction\",\"target\":{\"@type\":\"EntryPoint\",\"urlTemplate\":\"https:\/\/clinique-detatouage-laser.ch\/fr\/?s={search_term_string}\"},\"query-input\":\"required name=search_term_string\"}],\"inLanguage\":\"fr-FR\"}]}<\/script>\n<!-- \/ Yoast SEO plugin. -->","yoast_head_json":{"title":"D\u00e9tatouage laser \u00e0 Lausanne | Clinique Bellefontaine | Dr Yann Favre","description":"Votre tatouage ne correspond plus \u00e0 votre personnalit\u00e9 ? Vous aimeriez le retirer ? Des solutions existent pour enlever un tatouage sans cicatrice. D\u00e9couvrez le d\u00e9tatouage \u00e0 la clinique Bellefontaine de Lausanne","robots":{"index":"noindex","follow":"follow","max-snippet":"max-snippet:-1","max-image-preview":"max-image-preview:large","max-video-preview":"max-video-preview:-1"},"og_locale":"fr_FR","og_type":"article","og_title":"D\u00e9tatouage laser \u00e0 Lausanne | Clinique Bellefontaine | Dr Yann Favre","og_description":"Votre tatouage ne correspond plus \u00e0 votre personnalit\u00e9 ? Vous aimeriez le retirer ? Des solutions existent pour enlever un tatouage sans cicatrice. D\u00e9couvrez le d\u00e9tatouage \u00e0 la clinique Bellefontaine de Lausanne","og_url":"https:\/\/clinique-detatouage-laser.ch\/fr\/","og_site_name":"Wordpress","article_modified_time":"2026-03-10T09:26:43+00:00","twitter_card":"summary_large_image","schema":{"@context":"https:\/\/schema.org","@graph":[{"@type":"WebPage","@id":"https:\/\/clinique-detatouage-laser.ch\/fr\/","url":"https:\/\/clinique-detatouage-laser.ch\/fr\/","name":"D\u00e9tatouage laser \u00e0 Lausanne | Clinique Bellefontaine | Dr Yann Favre","isPartOf":{"@id":"https:\/\/clinique-detatouage-laser.ch\/fr\/#website"},"datePublished":"2023-08-19T19:43:19+00:00","dateModified":"2026-03-10T09:26:43+00:00","description":"Votre tatouage ne correspond plus \u00e0 votre personnalit\u00e9 ? Vous aimeriez le retirer ? Des solutions existent pour enlever un tatouage sans cicatrice. D\u00e9couvrez le d\u00e9tatouage \u00e0 la clinique Bellefontaine de Lausanne","breadcrumb":{"@id":"https:\/\/clinique-detatouage-laser.ch\/fr\/#breadcrumb"},"inLanguage":"fr-FR","potentialAction":[{"@type":"ReadAction","target":["https:\/\/clinique-detatouage-laser.ch\/fr\/"]}]},{"@type":"BreadcrumbList","@id":"https:\/\/clinique-detatouage-laser.ch\/fr\/#breadcrumb","itemListElement":[{"@type":"ListItem","position":1,"name":"Home","item":"https:\/\/clinique-detatouage-laser.ch\/fr\/"},{"@type":"ListItem","position":2,"name":"D\u00e9tatouage au laser Picoplus \u00a9 \u2013 ce n\u2019est pas seulement Pico, mais Pico PLUS !"}]},{"@type":"WebSite","@id":"https:\/\/clinique-detatouage-laser.ch\/fr\/#website","url":"https:\/\/clinique-detatouage-laser.ch\/fr\/","name":"Wordpress","description":"","potentialAction":[{"@type":"SearchAction","target":{"@type":"EntryPoint","urlTemplate":"https:\/\/clinique-detatouage-laser.ch\/fr\/?s={search_term_string}"},"query-input":"required name=search_term_string"}],"inLanguage":"fr-FR"}]}},"_links":{"self":[{"href":"https:\/\/clinique-detatouage-laser.ch\/fr\/wp-json\/wp\/v2\/pages\/6741"}],"collection":[{"href":"https:\/\/clinique-detatouage-laser.ch\/fr\/wp-json\/wp\/v2\/pages"}],"about":[{"href":"https:\/\/clinique-detatouage-laser.ch\/fr\/wp-json\/wp\/v2\/types\/page"}],"author":[{"embeddable":true,"href":"https:\/\/clinique-detatouage-laser.ch\/fr\/wp-json\/wp\/v2\/users\/19"}],"replies":[{"embeddable":true,"href":"https:\/\/clinique-detatouage-laser.ch\/fr\/wp-json\/wp\/v2\/comments?post=6741"}],"version-history":[{"count":6,"href":"https:\/\/clinique-detatouage-laser.ch\/fr\/wp-json\/wp\/v2\/pages\/6741\/revisions"}],"predecessor-version":[{"id":24915,"href":"https:\/\/clinique-detatouage-laser.ch\/fr\/wp-json\/wp\/v2\/pages\/6741\/revisions\/24915"}],"wp:attachment":[{"href":"https:\/\/clinique-detatouage-laser.ch\/fr\/wp-json\/wp\/v2\/media?parent=6741"}],"curies":[{"name":"wp","href":"https:\/\/api.w.org\/{rel}","templated":true}]}}